{"id":4287,"date":"2023-11-30T00:45:53","date_gmt":"2023-11-29T23:45:53","guid":{"rendered":"https:\/\/infinitum.wowlatammk.com\/?page_id=4287"},"modified":"2023-11-30T00:53:54","modified_gmt":"2023-11-29T23:53:54","slug":"politica-de-privacidad","status":"publish","type":"page","link":"https:\/\/infinitum.wowlatammk.com\/index.php\/politica-de-privacidad\/","title":{"rendered":"Pol\u00edtica de Privacidad"},"content":{"rendered":"\t\t<div data-elementor-type=\"wp-page\" data-elementor-id=\"4287\" class=\"elementor elementor-4287\" data-elementor-post-type=\"page\">\n\t\t\t\t\t\t\t<div class=\"elementor-element elementor-element-7372b20 e-flex e-con-boxed e-con e-parent\" data-id=\"7372b20\" data-element_type=\"container\" data-settings=\"{&quot;background_background&quot;:&quot;classic&quot;,&quot;container_type&quot;:&quot;flex&quot;,&quot;content_width&quot;:&quot;boxed&quot;}\" data-core-v316-plus=\"true\">\n\t\t\t\t\t<div class=\"e-con-inner\">\n\t\t\t\t\t<\/div>\n\t\t\t\t<\/div>\n\t\t<div class=\"elementor-element elementor-element-07030e1 e-flex e-con-boxed e-con e-parent\" data-id=\"07030e1\" data-element_type=\"container\" data-settings=\"{&quot;background_background&quot;:&quot;classic&quot;,&quot;container_type&quot;:&quot;flex&quot;,&quot;content_width&quot;:&quot;boxed&quot;}\" data-e-bg-lazyload=\"\" data-core-v316-plus=\"true\">\n\t\t\t\t\t<div class=\"e-con-inner\">\n\t\t<div class=\"elementor-element elementor-element-4b0c81a animated-slow e-flex e-con-boxed elementor-invisible e-con e-child\" data-id=\"4b0c81a\" data-element_type=\"container\" data-settings=\"{&quot;background_background&quot;:&quot;classic&quot;,&quot;animation&quot;:&quot;fadeIn&quot;,&quot;animation_delay&quot;:600,&quot;container_type&quot;:&quot;flex&quot;,&quot;content_width&quot;:&quot;boxed&quot;}\">\n\t\t\t\t\t<div class=\"e-con-inner\">\n\t\t\t\t<div class=\"elementor-element elementor-element-04c932d elementor-widget elementor-widget-heading\" data-id=\"04c932d\" data-element_type=\"widget\" data-widget_type=\"heading.default\">\n\t\t\t\t<div class=\"elementor-widget-container\">\n\t\t\t<style>\/*! elementor - v3.18.0 - 20-12-2023 *\/\n.elementor-heading-title{padding:0;margin:0;line-height:1}.elementor-widget-heading .elementor-heading-title[class*=elementor-size-]>a{color:inherit;font-size:inherit;line-height:inherit}.elementor-widget-heading .elementor-heading-title.elementor-size-small{font-size:15px}.elementor-widget-heading .elementor-heading-title.elementor-size-medium{font-size:19px}.elementor-widget-heading .elementor-heading-title.elementor-size-large{font-size:29px}.elementor-widget-heading .elementor-heading-title.elementor-size-xl{font-size:39px}.elementor-widget-heading .elementor-heading-title.elementor-size-xxl{font-size:59px}<\/style><h2 class=\"elementor-heading-title elementor-size-default\">Pol\u00edtica de Privacidad<\/h2>\t\t<\/div>\n\t\t\t\t<\/div>\n\t\t<div class=\"elementor-element elementor-element-7bd3551 animated-slow e-flex e-con-boxed elementor-invisible e-con e-child\" data-id=\"7bd3551\" data-element_type=\"container\" data-settings=\"{&quot;animation&quot;:&quot;fadeIn&quot;,&quot;animation_delay&quot;:600,&quot;container_type&quot;:&quot;flex&quot;,&quot;content_width&quot;:&quot;boxed&quot;}\">\n\t\t\t\t\t<div class=\"e-con-inner\">\n\t\t\t\t<div class=\"elementor-element elementor-element-be7902a elementor-widget elementor-widget-text-editor\" data-id=\"be7902a\" data-element_type=\"widget\" data-widget_type=\"text-editor.default\">\n\t\t\t\t<div class=\"elementor-widget-container\">\n\t\t\t<style>\/*! elementor - v3.18.0 - 20-12-2023 *\/\n.elementor-widget-text-editor.elementor-drop-cap-view-stacked .elementor-drop-cap{background-color:#69727d;color:#fff}.elementor-widget-text-editor.elementor-drop-cap-view-framed .elementor-drop-cap{color:#69727d;border:3px solid;background-color:transparent}.elementor-widget-text-editor:not(.elementor-drop-cap-view-default) .elementor-drop-cap{margin-top:8px}.elementor-widget-text-editor:not(.elementor-drop-cap-view-default) .elementor-drop-cap-letter{width:1em;height:1em}.elementor-widget-text-editor .elementor-drop-cap{float:left;text-align:center;line-height:1;font-size:50px}.elementor-widget-text-editor .elementor-drop-cap-letter{display:inline-block}<\/style>\t\t\t\t<p>La presente Pol\u00edtica de Privacidad de Infinitum Guatemala se aplica a los datos personales recopilados y utilizados por Infinitum con direcci\u00f3n en 19 Av. 19-61 zona 10, Centro de Negocios Zenit, Oficina N9-05, Guatemala CA cuando interact\u00faas con la p\u00e1gina web y con nosotros.\u00a0<\/p><p>Recuerda que cuidamos tus datos personales y nos comprometemos a garantizar tu confidencialidad y seguridad, somos responsables del tratamiento de tus datos personales cuando utilizas el sitio. Si llegamos a interactuar contigo de maneras no descritas a continuaci\u00f3n, te\u00a0brindaremos informaci\u00f3n con respecto al uso de tus datos personales en relaci\u00f3n con esa interacci\u00f3n espec\u00edfica. Si tienes preguntas adicionales, cont\u00e1ctanos al n\u00famero +(502) 2279-0900 o al correo\u00a0<a href=\"mailto:info@infinitum.com.gt\">info@infinitum.com.gt<\/a><\/p><p><b>\u00bfC\u00f3mo y cu\u00e1ndo recopilamos informaci\u00f3n personal?<\/b><\/p><p>Cuando visitas\u00a0<a href=\"https:\/\/www.infinitum.com.gt\/\" target=\"_blank\" rel=\"noopener\">www.infinitum.com.gt<\/a>,\u00a0recopilamos autom\u00e1ticamente cierta informaci\u00f3n sobre tu dispositivo, incluida informaci\u00f3n sobre tu navegador web, direcci\u00f3n IP, zona horaria y algunas de las cookies instaladas en tu dispositivo. Adem\u00e1s, a medida que navegas por el sitio, recopilamos informaci\u00f3n sobre las p\u00e1ginas web individuales o los productos que ves, qu\u00e9 sitios web o t\u00e9rminos de b\u00fasqueda te remitieron al sitio y c\u00f3mo interact\u00faas con \u00e9l. Utilizamos esta informaci\u00f3n para medir, de manera general, el uso del Sitio y mejorar su contenido.<\/p><p>Tambi\u00e9n recopilamos datos personales cuando te registras para recibir notificaciones de nuevos temas en nuestro blog o te comunicas con nosotros a trav\u00e9s del sitio web llenando nuestros formularios web en l\u00ednea, por ejemplo, para fines de servicio al cliente o conocimiento de alg\u00fan producto. Podemos recopilar tus datos personales cuando recibimos tu solicitud de contratar nuestros servicios y celebrar contigo nuestros contratos.<\/p><p>Muchas veces realizamos encuestas en l\u00ednea para entender mejor las necesidades y preferencias de nuestros visitantes y clientes. Al realizar estas encuestas, te informamos como usaremos tus datos, recuerda que la participaci\u00f3n en estas encuestas es voluntaria y puedes decidir realizarlas o no.\u00a0<\/p><p><b>Tipo de informaci\u00f3n y datos que recopilamos<\/b><\/p><p>Dependiendo de los servicios que utilices y la manera c\u00f3mo hagas uso del Sitio, podemos recopilar los siguientes datos:<\/p><ul><li aria-level=\"1\">Tu informaci\u00f3n de contacto como tu nombre, direcci\u00f3n y correo electr\u00f3nico, los cuales suministras en nuestros formularios web en l\u00ednea para que podamos comunicarnos contigo.<\/li><li aria-level=\"1\">Tu informaci\u00f3n comercial la cual nos permite ayudarte a optimizar las operaciones de tu negocio y a brindarte la mejor calidad en el servicio que obtengas.<\/li><li aria-level=\"1\">Informaci\u00f3n que nos ayuda a entender qui\u00e9n eres, que te gusta y cu\u00e1les son tus requerimientos, con el fin de ofrecerte productos, tecnolog\u00edas y servicios que puedan interesarte.<\/li><li aria-level=\"1\">Informaci\u00f3n con findes de reclutamiento y selecci\u00f3n, la cual nos permita conocer quien aplica a nuestros puestos laborales vacantes, tal como datos de contacto en general, hoja de vida, experiencia laboral, referencias y dem\u00e1s antecedentes de relevancia.<\/li><li aria-level=\"1\">Informaci\u00f3n de tu cuenta bancaria, solo con fines de completar tu compra o rectificar el pago de tu servicio.<\/li><li aria-level=\"1\">Informaci\u00f3n proveniente del los computadores, tel\u00e9fonos o dem\u00e1s dispositivos que utilizas para visitar el Sitio, en funci\u00f3n de los permisos que haya otorgado.\u00a0<\/li><\/ul><p><b>\u00bfC\u00f3mo utilizamos los datos personales?<\/b><\/p><p>Usamos tu informaci\u00f3n personal para los siguientes temas:<\/p><ul><li aria-level=\"1\">Brindarte un excelente servicio al cliente, as\u00ed como brindar informaci\u00f3n de los productos, tecnolog\u00edas y servicios que solicitas, y prestar otros servicios relacionados con tu solicitud, tales como la instalaci\u00f3n del servicio, recomendaciones y mantenimiento de equipos.<\/li><li aria-level=\"1\">Brindarte soporte 24\/7 para que puedas comunicarte con nosotros o comunicarnos contigo para informes de actualizaciones o estado de tu servicio.<\/li><li aria-level=\"1\">Como parte del marketing de la empresa para proporcionarte informaci\u00f3n y marketing directo de los productos, tecnolog\u00edas y servicios de Infinitum.\u00a0Puedes excluirte en cualquier momento mediante comunicaci\u00f3n electr\u00f3nica, siguiendo las instrucciones en esos mensajes o poni\u00e9ndose en contacto con nosotros en\u00a0<a href=\"mailto:mercadeo@infinitum.com.gt\" target=\"_blank\" rel=\"noopener\">mercadeo@infinitum.com.gt<\/a>\u00a0<\/li><li aria-level=\"1\">Para iniciar proceso de reclutamiento de personal en Infinitum, si presentaste una aplicaci\u00f3n de empleo a trav\u00e9s de nuestros diferentes portales de aplicaci\u00f3n o por medio de correo electr\u00f3nico.<\/li><\/ul><p><b>\u00bfPor qu\u00e9 procesamos tus datos?<\/b><\/p><p>Nuestra m\u00e1xima prioridad es la seguridad de tus datos y, como tal, podemos procesar solo tus datos m\u00ednimos, en la medida en que sea absolutamente necesario para mantener el sitio web y brindarte el mejor servicio. La informaci\u00f3n que es recopilada autom\u00e1ticamente se utiliza solo para identificar casos potenciales de abuso y establecer informaci\u00f3n estad\u00edstica sobre el uso del sitio web, soporte y mejora continua de los servicios que te brindamos. Esta informaci\u00f3n estad\u00edstica no se agrega de tal manera que identifique a ning\u00fan usuario en particular del sistema. Puedes optar por no proporcionar tus datos personales, pero es posible que no puedas aprovechar algunas de las funciones del sitio web. Por ejemplo, no podr\u00e1s recibir notificaciones sobre nuestros blogs informativos ni contactarnos directamente desde el sitio web.<\/p><p><b>Enlaces a otros sitios web:<\/b><\/p><p>Nuestro sitio puede contener enlaces a otros sitios web que no son de nuestra propiedad ni est\u00e1n controlados por nosotros. Ten en cuenta que no somos responsables de dichos sitios web ni de las pr\u00e1cticas de privacidad de terceros. Te recomendamos que est\u00e9s atento cuando abandones nuestro sitio web y leas las declaraciones de privacidad de cada sitio que pueda recopilar informaci\u00f3n personal.<\/p><p><b>Sus derechos<\/b><\/p><p>Tienes derecho a solicitar acceso a tus datos personales que est\u00e9n bajo el poder de Infinitum y a su actualizaci\u00f3n, restricci\u00f3n, eliminaci\u00f3n y a recibir una copia de estos en un formato elegible y estructurado. Tambi\u00e9n tienes derecho a oponerte al tratamiento y retirar el correspondiente consentimiento, cuando lo hayamos solicitado para procesar sus datos.\u00a0<\/p><p>Tus datos personales ser\u00e1n conservados bajo t\u00e9rminos de cualquier relaci\u00f3n contractual que tengas con nosotros y, en la medida en que se encuentre permitido. En cualquier momento puedes enviarnos una solicitud a\u00a0<a href=\"mailto:info@infinitum.com.gt\" target=\"_blank\" rel=\"noopener\">info@infinitum.com.gt<\/a>\u00a0para que eliminemos toda tu informaci\u00f3n.<\/p><p><b>Seguridad de la informaci\u00f3n:<\/b><\/p><p>Aseguramos la informaci\u00f3n que proporcionas en servidores inform\u00e1ticos en un entorno controlado y seguro, protegido del acceso, uso o divulgaci\u00f3n no autorizados. Mantenemos medidas de seguridad administrativas, t\u00e9cnicas y f\u00edsicas razonables para proteger contra el acceso no autorizado, el uso, la modificaci\u00f3n y la divulgaci\u00f3n de datos personales bajo su control y custodia. Sin embargo, no se puede garantizar la transmisi\u00f3n de datos a trav\u00e9s de Internet o redes inal\u00e1mbricas.<\/p><p><b>\u00a0Cont\u00e1ctanos<\/b><\/p><p>Puedes ponerte en contacto con nosotros si tienes alguna pregunta o comentario sobre nuestras Pol\u00edtica de Privacidad al correo\u00a0<a href=\"mailto:info@infinitum.com.gt\">info@infinitum.com.gt<\/a> o llamarnos al + (502) 2279-0900.<\/p><p>INFINITUM, S.A. 9av. 16-61 Zona 10, Centro de Negocios ZENIT, Oficina N9-05, Guatemala CA<\/p><p>Fecha de entrada en vigor:\u00a0 14\/01\/2019 \u00daltima actualizaci\u00f3n: 4\/11\/2021<\/p>\t\t\t\t\t\t<\/div>\n\t\t\t\t<\/div>\n\t\t\t\t\t<\/div>\n\t\t\t\t<\/div>\n\t\t\t\t\t<\/div>\n\t\t\t\t<\/div>\n\t\t\t\t\t<\/div>\n\t\t\t\t<\/div>\n\t\t\t\t\t\t\t<\/div>\n\t\t","protected":false},"excerpt":{"rendered":"<p>Pol\u00edtica de Privacidad La presente Pol\u00edtica de Privacidad de Infinitum Guatemala se aplica a los datos personales recopilados y utilizados por Infinitum con direcci\u00f3n en 19 Av. 19-61 zona 10, Centro de Negocios Zenit, Oficina N9-05, Guatemala CA cuando interact\u00faas con la p\u00e1gina web y con nosotros.\u00a0 Recuerda que cuidamos tus datos personales y nos &hellip;<\/p>\n<p class=\"read-more\"> <a class=\"\" href=\"https:\/\/infinitum.wowlatammk.com\/index.php\/politica-de-privacidad\/\"> <span class=\"screen-reader-text\">Pol\u00edtica de Privacidad<\/span> Read More &raquo;<\/a><\/p>\n","protected":false},"author":1,"featured_media":3595,"parent":0,"menu_order":0,"comment_status":"closed","ping_status":"closed","template":"","meta":{"site-sidebar-layout":"no-sidebar","site-content-layout":"","ast-site-content-layout":"full-width-container","site-content-style":"default","site-sidebar-style":"default","ast-global-header-display":"","ast-banner-title-visibility":"","ast-main-header-display":"","ast-hfb-above-header-display":"","ast-hfb-below-header-display":"","ast-hfb-mobile-header-display":"","site-post-title":"disabled","ast-breadcrumbs-content":"","ast-featured-img":"disabled","footer-sml-layout":"","theme-transparent-header-meta":"","adv-header-id-meta":"","stick-header-meta":"","header-above-stick-meta":"","header-main-stick-meta":"","header-below-stick-meta":"","astra-migrate-meta-layouts":"","footnotes":""},"class_list":["post-4287","page","type-page","status-publish","has-post-thumbnail","hentry"],"yoast_head":"<!-- This site is optimized with the Yoast SEO plugin v21.7 - https:\/\/yoast.com\/wordpress\/plugins\/seo\/ -->\n<title>Pol\u00edtica de Privacidad - Infinitum<\/title>\n<meta name=\"robots\" content=\"index, follow, max-snippet:-1, max-image-preview:large, max-video-preview:-1\" \/>\n<link rel=\"canonical\" href=\"https:\/\/infinitum.wowlatammk.com\/index.php\/politica-de-privacidad\/\" \/>\n<meta property=\"og:locale\" content=\"en_US\" \/>\n<meta property=\"og:type\" content=\"article\" \/>\n<meta property=\"og:title\" content=\"Pol\u00edtica de Privacidad - Infinitum\" \/>\n<meta property=\"og:description\" content=\"Pol\u00edtica de Privacidad La presente Pol\u00edtica de Privacidad de Infinitum Guatemala se aplica a los datos personales recopilados y utilizados por Infinitum con direcci\u00f3n en 19 Av. 19-61 zona 10, Centro de Negocios Zenit, Oficina N9-05, Guatemala CA cuando interact\u00faas con la p\u00e1gina web y con nosotros.\u00a0 Recuerda que cuidamos tus datos personales y nos &hellip; Pol\u00edtica de Privacidad Read More &raquo;\" \/>\n<meta property=\"og:url\" content=\"https:\/\/infinitum.wowlatammk.com\/index.php\/politica-de-privacidad\/\" \/>\n<meta property=\"og:site_name\" content=\"Infinitum\" \/>\n<meta property=\"article:publisher\" content=\"https:\/\/www.facebook.com\/tuinternetinteligente\" \/>\n<meta property=\"article:modified_time\" content=\"2023-11-29T23:53:54+00:00\" \/>\n<meta property=\"og:image\" content=\"https:\/\/infinitum.wowlatammk.com\/wp-content\/uploads\/2023\/11\/shutterstock_2232908089-scaled.jpg\" \/>\n\t<meta property=\"og:image:width\" content=\"2560\" \/>\n\t<meta property=\"og:image:height\" content=\"1350\" \/>\n\t<meta property=\"og:image:type\" content=\"image\/jpeg\" \/>\n<meta name=\"twitter:card\" content=\"summary_large_image\" \/>\n<meta name=\"twitter:label1\" content=\"Est. reading time\" \/>\n\t<meta name=\"twitter:data1\" content=\"5 minutes\" \/>\n<script type=\"application\/ld+json\" class=\"yoast-schema-graph\">{\"@context\":\"https:\/\/schema.org\",\"@graph\":[{\"@type\":\"WebPage\",\"@id\":\"https:\/\/infinitum.wowlatammk.com\/index.php\/politica-de-privacidad\/\",\"url\":\"https:\/\/infinitum.wowlatammk.com\/index.php\/politica-de-privacidad\/\",\"name\":\"Pol\u00edtica de Privacidad - Infinitum\",\"isPartOf\":{\"@id\":\"https:\/\/infinitum.wowlatammk.com\/#website\"},\"datePublished\":\"2023-11-29T23:45:53+00:00\",\"dateModified\":\"2023-11-29T23:53:54+00:00\",\"breadcrumb\":{\"@id\":\"https:\/\/infinitum.wowlatammk.com\/index.php\/politica-de-privacidad\/#breadcrumb\"},\"inLanguage\":\"en-US\",\"potentialAction\":[{\"@type\":\"ReadAction\",\"target\":[\"https:\/\/infinitum.wowlatammk.com\/index.php\/politica-de-privacidad\/\"]}]},{\"@type\":\"BreadcrumbList\",\"@id\":\"https:\/\/infinitum.wowlatammk.com\/index.php\/politica-de-privacidad\/#breadcrumb\",\"itemListElement\":[{\"@type\":\"ListItem\",\"position\":1,\"name\":\"Portada\",\"item\":\"https:\/\/infinitum.wowlatammk.com\/\"},{\"@type\":\"ListItem\",\"position\":2,\"name\":\"Pol\u00edtica de Privacidad\"}]},{\"@type\":\"WebSite\",\"@id\":\"https:\/\/infinitum.wowlatammk.com\/#website\",\"url\":\"https:\/\/infinitum.wowlatammk.com\/\",\"name\":\"Infinitum\",\"description\":\"Somos una empresa que cuenta con un equipo de trabajo que tiene m\u00e1s de 25 a\u00f1os de experiencia en las \u00e1reas de telecomunicaciones \",\"publisher\":{\"@id\":\"https:\/\/infinitum.wowlatammk.com\/#organization\"},\"potentialAction\":[{\"@type\":\"SearchAction\",\"target\":{\"@type\":\"EntryPoint\",\"urlTemplate\":\"https:\/\/infinitum.wowlatammk.com\/?s={search_term_string}\"},\"query-input\":\"required name=search_term_string\"}],\"inLanguage\":\"en-US\"},{\"@type\":\"Organization\",\"@id\":\"https:\/\/infinitum.wowlatammk.com\/#organization\",\"name\":\"Infinitum\",\"url\":\"https:\/\/infinitum.wowlatammk.com\/\",\"logo\":{\"@type\":\"ImageObject\",\"inLanguage\":\"en-US\",\"@id\":\"https:\/\/infinitum.wowlatammk.com\/#\/schema\/logo\/image\/\",\"url\":\"https:\/\/infinitum.wowlatammk.com\/wp-content\/uploads\/2023\/09\/Logo_infinitum_Home.png\",\"contentUrl\":\"https:\/\/infinitum.wowlatammk.com\/wp-content\/uploads\/2023\/09\/Logo_infinitum_Home.png\",\"width\":270,\"height\":72,\"caption\":\"Infinitum\"},\"image\":{\"@id\":\"https:\/\/infinitum.wowlatammk.com\/#\/schema\/logo\/image\/\"},\"sameAs\":[\"https:\/\/www.facebook.com\/tuinternetinteligente\",\"https:\/\/www.instagram.com\/infinitum_gt\/\"]}]}<\/script>\n<!-- \/ Yoast SEO plugin. -->","yoast_head_json":{"title":"Pol\u00edtica de Privacidad - Infinitum","robots":{"index":"index","follow":"follow","max-snippet":"max-snippet:-1","max-image-preview":"max-image-preview:large","max-video-preview":"max-video-preview:-1"},"canonical":"https:\/\/infinitum.wowlatammk.com\/index.php\/politica-de-privacidad\/","og_locale":"en_US","og_type":"article","og_title":"Pol\u00edtica de Privacidad - Infinitum","og_description":"Pol\u00edtica de Privacidad La presente Pol\u00edtica de Privacidad de Infinitum Guatemala se aplica a los datos personales recopilados y utilizados por Infinitum con direcci\u00f3n en 19 Av. 19-61 zona 10, Centro de Negocios Zenit, Oficina N9-05, Guatemala CA cuando interact\u00faas con la p\u00e1gina web y con nosotros.\u00a0 Recuerda que cuidamos tus datos personales y nos &hellip; Pol\u00edtica de Privacidad Read More &raquo;","og_url":"https:\/\/infinitum.wowlatammk.com\/index.php\/politica-de-privacidad\/","og_site_name":"Infinitum","article_publisher":"https:\/\/www.facebook.com\/tuinternetinteligente","article_modified_time":"2023-11-29T23:53:54+00:00","og_image":[{"width":2560,"height":1350,"url":"https:\/\/infinitum.wowlatammk.com\/wp-content\/uploads\/2023\/11\/shutterstock_2232908089-scaled.jpg","type":"image\/jpeg"}],"twitter_card":"summary_large_image","twitter_misc":{"Est. reading time":"5 minutes"},"schema":{"@context":"https:\/\/schema.org","@graph":[{"@type":"WebPage","@id":"https:\/\/infinitum.wowlatammk.com\/index.php\/politica-de-privacidad\/","url":"https:\/\/infinitum.wowlatammk.com\/index.php\/politica-de-privacidad\/","name":"Pol\u00edtica de Privacidad - Infinitum","isPartOf":{"@id":"https:\/\/infinitum.wowlatammk.com\/#website"},"datePublished":"2023-11-29T23:45:53+00:00","dateModified":"2023-11-29T23:53:54+00:00","breadcrumb":{"@id":"https:\/\/infinitum.wowlatammk.com\/index.php\/politica-de-privacidad\/#breadcrumb"},"inLanguage":"en-US","potentialAction":[{"@type":"ReadAction","target":["https:\/\/infinitum.wowlatammk.com\/index.php\/politica-de-privacidad\/"]}]},{"@type":"BreadcrumbList","@id":"https:\/\/infinitum.wowlatammk.com\/index.php\/politica-de-privacidad\/#breadcrumb","itemListElement":[{"@type":"ListItem","position":1,"name":"Portada","item":"https:\/\/infinitum.wowlatammk.com\/"},{"@type":"ListItem","position":2,"name":"Pol\u00edtica de Privacidad"}]},{"@type":"WebSite","@id":"https:\/\/infinitum.wowlatammk.com\/#website","url":"https:\/\/infinitum.wowlatammk.com\/","name":"Infinitum","description":"Somos una empresa que cuenta con un equipo de trabajo que tiene m\u00e1s de 25 a\u00f1os de experiencia en las \u00e1reas de telecomunicaciones ","publisher":{"@id":"https:\/\/infinitum.wowlatammk.com\/#organization"},"potentialAction":[{"@type":"SearchAction","target":{"@type":"EntryPoint","urlTemplate":"https:\/\/infinitum.wowlatammk.com\/?s={search_term_string}"},"query-input":"required name=search_term_string"}],"inLanguage":"en-US"},{"@type":"Organization","@id":"https:\/\/infinitum.wowlatammk.com\/#organization","name":"Infinitum","url":"https:\/\/infinitum.wowlatammk.com\/","logo":{"@type":"ImageObject","inLanguage":"en-US","@id":"https:\/\/infinitum.wowlatammk.com\/#\/schema\/logo\/image\/","url":"https:\/\/infinitum.wowlatammk.com\/wp-content\/uploads\/2023\/09\/Logo_infinitum_Home.png","contentUrl":"https:\/\/infinitum.wowlatammk.com\/wp-content\/uploads\/2023\/09\/Logo_infinitum_Home.png","width":270,"height":72,"caption":"Infinitum"},"image":{"@id":"https:\/\/infinitum.wowlatammk.com\/#\/schema\/logo\/image\/"},"sameAs":["https:\/\/www.facebook.com\/tuinternetinteligente","https:\/\/www.instagram.com\/infinitum_gt\/"]}]}},"_links":{"self":[{"href":"https:\/\/infinitum.wowlatammk.com\/index.php\/wp-json\/wp\/v2\/pages\/4287","targetHints":{"allow":["GET"]}}],"collection":[{"href":"https:\/\/infinitum.wowlatammk.com\/index.php\/wp-json\/wp\/v2\/pages"}],"about":[{"href":"https:\/\/infinitum.wowlatammk.com\/index.php\/wp-json\/wp\/v2\/types\/page"}],"author":[{"embeddable":true,"href":"https:\/\/infinitum.wowlatammk.com\/index.php\/wp-json\/wp\/v2\/users\/1"}],"replies":[{"embeddable":true,"href":"https:\/\/infinitum.wowlatammk.com\/index.php\/wp-json\/wp\/v2\/comments?post=4287"}],"version-history":[{"count":19,"href":"https:\/\/infinitum.wowlatammk.com\/index.php\/wp-json\/wp\/v2\/pages\/4287\/revisions"}],"predecessor-version":[{"id":4306,"href":"https:\/\/infinitum.wowlatammk.com\/index.php\/wp-json\/wp\/v2\/pages\/4287\/revisions\/4306"}],"wp:featuredmedia":[{"embeddable":true,"href":"https:\/\/infinitum.wowlatammk.com\/index.php\/wp-json\/wp\/v2\/media\/3595"}],"wp:attachment":[{"href":"https:\/\/infinitum.wowlatammk.com\/index.php\/wp-json\/wp\/v2\/media?parent=4287"}],"curies":[{"name":"wp","href":"https:\/\/api.w.org\/{rel}","templated":true}]}}